{"id":18254,"date":"2022-07-14T16:44:11","date_gmt":"2022-07-14T14:44:11","guid":{"rendered":"https:\/\/wbbgiants.nl\/wbb\/?page_id=18254"},"modified":"2023-01-05T13:18:55","modified_gmt":"2023-01-05T12:18:55","slug":"scheidsrechters-opleidingen","status":"publish","type":"page","link":"https:\/\/wbbgiants.nl\/wbb\/scheidsrechters-opleidingen\/","title":{"rendered":"Scheidsrechters Opleidingen"},"content":{"rendered":"<header class=\"c-header\">\n<h1 class=\"c-header__title\"><span style=\"color: #ff0000;\"><img loading=\"lazy\" decoding=\"async\" class=\" wp-image-16651 alignleft\" src=\"https:\/\/wbbgiants.nl\/wbb\/wp-content\/uploads\/2021\/12\/images.jpeg\" alt=\"\" width=\"233\" height=\"326\" \/><span style=\"color: #ffffff;\">AANBOD VOOR \u00a0SCHEIDSRECHTERS<\/span><\/span><\/h1>\n<\/header>\n<div class=\"c-text u-block-margin\">\n<div class=\"rich-text\">\n<p>De <a href=\"https:\/\/wbbgiants.nl\/wbb\/scheidsrechters-opleidingen\/\">NBB<\/a> maakt voor arbiters onderscheid tussen opleidingen, cursussen en clinics. We kunnen van een opleiding spreken indien het programma gebaseerd is op \u201ckwalificatie structuur sport\u201d (KSS) en ook op deze manier wordt ge\u00ebxamineerd.<\/p>\n<p>Bij een cursus bepaalt de NBB zelf de inhoud en of het nuttig is om deze cursus te examineren. Deze wordt afgesloten met een certificaat.<\/p>\n<p>Een clinic is een opleiding van korte duur (bijvoorbeeld een dagdeel) en wordt afgesloten met een \u201cbewijs van deelname\u201d.<\/p>\n<p>Indien u klikt op een van de onderstaande blokken, vindt u meer informatie over het programma, de kosten, startdata en mogelijkheden tot inschrijven<\/p>\n<p><strong>Opleidings- en cursusaanbod:<\/strong><\/p>\n<header class=\"c-header\">\n<h1 class=\"c-header__title\"><span style=\"color: #ffffff;\">\u00a0BS2 &#8211; VERENIGINGSSCHEIDSRECHTER<\/span><\/h1>\n<\/header>\n<div class=\"c-text u-block-margin\">\n<div class=\"rich-text\">\n<p>Voor basketballwedstrijden zijn twee scheidsrechters nodig. Om te mogen fluiten heb je een diploma of licentie nodig, afhankelijk van het niveau van de wedstrijd. Voor het fluiten van wedstrijden bij jouw eigen vereniging volstaat een diploma Basketballscheidsrechter 2.<\/p>\n<p>Een Basketball Scheidsrechter 2 (BS2) is in staat om wedstrijden op verenigingsniveau te fluiten. Het opleidingstraject tot BS2 bestaat uit <b>twee<\/b> workshops, die door een vereniging zelf worden georganiseerd. Deze workshops, die gaan over Arbitragetechniek (het fluiten zelf) en spelregelkennis, bereiden de deelnemer voor op het fluiten van offici\u00eble competitiewedstrijden. Daarnaast fluit je in het opleidingstraject minimaal \u00e9\u00e9n wedstrijd om te oefenen.<\/p>\n<p><img loading=\"lazy\" decoding=\"async\" class=\"alignright wp-image-18267 size-full\" src=\"https:\/\/wbbgiants.nl\/wbb\/wp-content\/uploads\/2022\/07\/7F7EAD58-EAF4-40F3-81B7-2FA164A32E5C.jpeg\" alt=\"\" width=\"340\" height=\"200\" srcset=\"https:\/\/wbbgiants.nl\/wbb\/wp-content\/uploads\/2022\/07\/7F7EAD58-EAF4-40F3-81B7-2FA164A32E5C-200x118.jpeg 200w, https:\/\/wbbgiants.nl\/wbb\/wp-content\/uploads\/2022\/07\/7F7EAD58-EAF4-40F3-81B7-2FA164A32E5C-300x176.jpeg 300w, https:\/\/wbbgiants.nl\/wbb\/wp-content\/uploads\/2022\/07\/7F7EAD58-EAF4-40F3-81B7-2FA164A32E5C.jpeg 340w\" sizes=\"auto, (max-width: 340px) 100vw, 340px\" \/><br \/>\nDe BS2 opleiding wordt afgerond met het fluiten van een wedstrijd, dit is de Proeve van Bekwaamheid (PvB). Als je de Proeve goed volbrengt ben je geslaagd voor je BS2 diploma.<\/p>\n<p><strong>Er zijn drie toelatingseisen voor de BS2:<\/strong><\/p>\n<p>&gt; De deelnemer is minimaal 13 jaar<\/p>\n<p>&gt; De deelnemer is lid van de NBB<\/p>\n<p>&gt; De deelnemer heeft een spelregelbewijs<\/p>\n<h3><span style=\"color: #ff0000;\">EEN BS2 ORGANISEREN<\/span><\/h3>\n<p>Verenigingen die interesse hebben om de BS2 te organiseren kunnen voor meer informatie het opleidingsplan bekijken op de <a href=\"https:\/\/www.basketball.nl\/kennishub\/opleidingen-en-educatie\/aanbod-nbb-voor-arbitrage\/downloads\/\">downloadpagina<\/a>. Bij interesse kunnen verenigingen zich melden bij Caroline Stevens (caroline.stevens@basketball.nl).<\/p>\n<p><a href=\"https:\/\/www.basketball.nl\/documents\/924\/BS2_In_10_stappen_organiseren__2020-06_IW1IYzH.pdf\">De 10 tips voor het organiseren van een BS2 opleiding<\/a> helpt verenigingen bij de organisatie van een BS2 opleiding.<\/p>\n<h3><span style=\"color: #ff0000;\">DOWNLOADS<\/span><\/h3>\n<p>Kijk voor alle beschikbare documenten over deze opleiding op de <a href=\"https:\/\/www.basketball.nl\/kennishub\/opleidingen-en-educatie\/aanbod-nbb-voor-arbitrage\/downloads\/\">downloadpagina<\/a>.<\/p>\n<h3><span style=\"color: #ff0000;\">KOSTEN<\/span><\/h3>\n<p>De vereniging die de opleiding organiseert is verantwoordelijk voor de gemaakte kosten.<\/p>\n<h3><span style=\"color: #ff0000;\">INSCHRIJVEN<\/span><\/h3>\n<p>Aanmelden voor de BS2 gaat via de organiserende vereniging. De vereniging schrijft vervolgens alle deelnemers in \u00e9\u00e9n keer in bij de NBB.<\/p>\n<p><strong>Wil je meer weten? Neem dan contact op met Caroline Stevens (caroline.stevens@basketball.nl).<\/strong><\/p>\n<h3><span style=\"color: #ff0000;\">VOORWAARDEN<\/span><\/h3>\n<p>Op de Basketball Scheidsrechtersopleidingen (niveau 2, 3 en 4) zijn de &#8216;<a href=\"https:\/\/www.basketball.nl\/documents\/748\/Download_45_Inschrijf-_en_betalingsvoorwaarden_opleidingen_NBB_12_2020_yK5M6zv.docx\">Inschrijf- en betalingsvoorwaarden opleidingen<\/a>&#8216; van de Nederlandse Basketball Bond van toepassing<\/p>\n<header class=\"c-header\">\n<h1 class=\"c-header__title\"><span style=\"color: #ffffff;\">\u00a0BS3 &#8211; AFDELINGSSCHEIDSRECHTER<\/span><\/h1>\n<\/header>\n<div class=\"c-text u-block-margin\">\n<div class=\"rich-text\">\n<p>Een Basketball Scheidsrechter 3 (BS3) is in staat om wedstrijden op afdelingsniveau (aangeschreven door de NBB) en in de Tweede Divisie te fluiten. Het BS3 opleidingstraject duurt ongeveer een half seizoen en bestaat uit <b>vier<\/b> workshops met praktijkopdrachten, een spelregeltoets en het geven van begeleiding bij de eigen vereniging.<\/p>\n<p><strong>De vier workshops gaan over:<\/strong><img loading=\"lazy\" decoding=\"async\" class=\"size-medium wp-image-10709 alignright\" src=\"https:\/\/wbbgiants.nl\/wbb\/wp-content\/uploads\/2020\/04\/IMG_2728-1-246x300.jpeg\" alt=\"\" width=\"246\" height=\"300\" srcset=\"https:\/\/wbbgiants.nl\/wbb\/wp-content\/uploads\/2020\/04\/IMG_2728-1-246x300.jpeg 246w, https:\/\/wbbgiants.nl\/wbb\/wp-content\/uploads\/2020\/04\/IMG_2728-1-768x936.jpeg 768w, https:\/\/wbbgiants.nl\/wbb\/wp-content\/uploads\/2020\/04\/IMG_2728-1-841x1024.jpeg 841w, https:\/\/wbbgiants.nl\/wbb\/wp-content\/uploads\/2020\/04\/IMG_2728-1.jpeg 1178w\" sizes=\"auto, (max-width: 246px) 100vw, 246px\" \/><\/p>\n<p>&gt; Spelregelkennis<\/p>\n<p>&gt; Arbitragetechniek<\/p>\n<p>&gt; Basketballinzicht<\/p>\n<p>&gt; Leiderschap &amp; Sportiviteit<\/p>\n<p>Daarnaast fluit je in het opleidingstraject onder begeleiding nog een aantal wedstrijden op het toekomstige BS3 niveau. Deelname aan de opleiding is niet vrijblijvend! Er wordt verwacht dat de workshops worden voorbereid, dat je aanwezig bent bij de workshops en dat de praktijkopdrachten worden gedaan.<\/p>\n<p>De BS3 opleiding wordt afgerond met het insturen van een portfolio en het fluiten van een examenwedstrijd, dit is de Proeve van Bekwaamheid (PvB).<\/p>\n<h3><span style=\"color: #ff0000;\">TOELATINGSEISEN<\/span><\/h3>\n<p><strong>Er zijn drie toelatingseisen voor de BS3:<\/strong><\/p>\n<p>&gt; De deelnemer is minimaal 16 jaar<\/p>\n<p>&gt; De deelnemer is lid van de NBB<\/p>\n<p>&gt; De deelnemer heeft een F- of een BS2 diploma<\/p>\n<h3><span style=\"color: #ff0000;\">DOWNLOADS<\/span><\/h3>\n<p>Kijk voor alle beschikbare documenten over deze opleiding op de <a href=\"https:\/\/www.basketball.nl\/kennishub\/opleidingen-en-educatie\/aanbod-nbb-voor-arbitrage\/downloads\/\">downloadpagina<\/a>.<\/p>\n<h3><span style=\"color: #ff0000;\">KOSTEN<\/span><\/h3>\n<p>Een BS3-opleiding kost \u20ac 150,- per deelnemer. Het bedrag zal worden doorbelast aan de vereniging, dit wordt verwerkt in de rekening courant in Sportlink.<\/p>\n<h3><span style=\"color: #ff0000;\">INSCHRIJVEN<\/span><\/h3>\n<p>Aanmelden voor de BS3 kan via <a href=\"https:\/\/nbb-digitaal.sportlink.com\/\" target=\"_blank\" rel=\"noopener\">Sportlink<\/a>.<\/p>\n<p><strong>Wil je meer weten? Neem dan contact op via opleidingen@basketball.nl.<\/strong><\/p>\n<h3><span style=\"color: #ff0000;\">VOORWAARDEN<\/span><\/h3>\n<p>Op de Basketball Scheidsrechtersopleidingen (niveau 2, 3 en 4) zijn de <a href=\"https:\/\/www.basketball.nl\/documents\/749\/Download_45_Inschrijf-_en_betalingsvoorwaarden_opleidingen_NBB_12_2020_IyrcGQ8.docx\">&#8216;Inschrijf- en betalingsvoorwaarden opleidingen&#8217;<\/a> van de Nederlandse Basketball Bond van toepassing.<\/p>\n<header class=\"c-header\">\n<h1 class=\"c-header__title\"><span style=\"color: #ffffff;\">\u00a0 BS4 &#8211; LANDELIJK SCHEIDSRECHTER<\/span><\/h1>\n<\/header>\n<div class=\"c-text u-block-margin\">\n<div class=\"rich-text\">\n<p>Een Basketball Scheidsrechter 4 (BS4) fluit wedstrijden op landelijk niveau. De BS4-opleiding is vooral gericht op scheidsrechters die landelijk willen gaan fluiten. Daarnaast kan je de BS4 ook volgen wanneer je in de afdeling wil blijven fluiten, maar je eigen niveau wilt verbeteren. Het traject bestaat uit <b>zeven<\/b> workshops met bijbehorende praktijkopdrachten, twee oefenwedstrijden fluiten onder begeleiding, een schriftelijk examen spelregel- en reglementenkennis en een portfolio. De opleiding wordt afgesloten met een Proeve van Bekwaamheid; het fluiten van een examenwedstrijd.<\/p>\n<h2><span style=\"color: #ff0000;\">De workshops gaan over:<\/span><\/h2>\n<p>&gt; spelregels &amp; reglementen<\/p>\n<p>&gt; arbitragetechniek &amp; samenwerking<\/p>\n<p>&gt; techniek &amp; tactiek<\/p>\n<p>&gt; leiderschap &amp; sportiviteit<\/p>\n<p>&gt; begeleiding van scheidsrechters in opleiding.<\/p>\n<p><strong>Er zijn vier toelatingseisen voor de BS4:<\/strong><\/p>\n<p>&gt; De deelnemer is lid van de NBB<\/p>\n<p>&gt; De deelnemer is minimaal 16 jaar oud<\/p>\n<p>&gt; De deelnemer heeft een E of BS3-diploma<\/p>\n<p>&gt; De deelnemer fluit actief in de hoogste aanschrijvingsklassen van een afdeling<\/p>\n<h3><span style=\"color: #ff0000;\">OPLEIDING<\/span><\/h3>\n<p>In het seizoen 2021 &#8211; 2022 start er in Nieuwegein een BS4 opleiding. Bij voldoende aanmeldingen binnen een afdeling kan er een tweede opleiding starten binnen die afdeling. In principe geef je je op voor de locatie Nieuwegein.<\/p>\n<p>De opleiding rond je af binnen \u00e9\u00e9n speelseizoen.<\/p>\n<p>We beginnen met een Kick-Off sessie. Tijdens de kick-off krijg je informatie over de opzet en inhoud van het programma. Je maakt kennis met je docenten en je krijgt informatie over wat er allemaal van je verwacht wordt. Maar ook uitleg over de te maken opdrachten, het videoprogramma, je portfolio en de PvB.<\/p>\n<h3><span style=\"color: #ff0000;\">DOWNLOADS<\/span><\/h3>\n<p>Kijk voor alle downloads over deze opleiding op de <a href=\"https:\/\/www.basketball.nl\/kennishub\/opleidingen-en-educatie\/aanbod-nbb-voor-arbitrage\/downloads\/\">downloadpagina<\/a>.<\/p>\n<p>De opleiding tot BS4 wordt uitsluitend georganiseerd door de Nederlandse Basketball Bond.<\/p>\n<h3><span style=\"color: #ff0000;\">KOSTEN<\/span><\/h3>\n<p>Een BS4-opleiding kost \u20ac 265,- per deelnemer. Het bedrag wordt doorbelast aan de vereniging via de rekening courant in Sportlink of direct aan de deelnemer, welk via iDeal kan betalen.<\/p>\n<p>Wil je meer weten? Neem dan contact op met Caroline Stevens via caroline.stevens@basketball.nl.<\/p>\n<h3><span style=\"color: #ff0000;\">VOORWAARDEN<\/span><\/h3>\n<p>Op de Basketball Scheidsrechtersopleidingen (niveau 2, 3 en 4) zijn de <a href=\"https:\/\/www.basketball.nl\/documents\/750\/Download_45_Inschrijf-_en_betalingsvoorwaarden_opleidingen_NBB_12_2020_Gjw876T.docx\">&#8216;inschrijf- en betalingsvoorwaarden opleidingen&#8217;<\/a> van de Nederlandse Basketball Bond van toepassing. Alleen portfolio\u2019s ingeleverd n.a.v. een offici\u00eble NBB BS4 opleiding worden geaccepteerd voor deelname aan de BS4 Proeve van Bekwaamheid.<\/p>\n<header class=\"c-header\">\n<h1 class=\"c-header__title\"><span style=\"color: #ffffff;\">\u00a0DOWNLOADS<\/span><\/h1>\n<\/header>\n<div class=\"c-text u-block-margin\">\n<div class=\"rich-text\">\n<p><img loading=\"lazy\" decoding=\"async\" class=\"aligncenter wp-image-18587 \" src=\"https:\/\/wbbgiants.nl\/wbb\/wp-content\/uploads\/2022\/08\/IMG_0497.jpg\" alt=\"\" width=\"548\" height=\"183\" srcset=\"https:\/\/wbbgiants.nl\/wbb\/wp-content\/uploads\/2022\/08\/IMG_0497-200x67.jpg 200w, https:\/\/wbbgiants.nl\/wbb\/wp-content\/uploads\/2022\/08\/IMG_0497-300x100.jpg 300w, https:\/\/wbbgiants.nl\/wbb\/wp-content\/uploads\/2022\/08\/IMG_0497.jpg 389w\" sizes=\"auto, (max-width: 548px) 100vw, 548px\" \/><\/p>\n<p><strong>Onderstaand zijn de downloads te vinden over het aanbod van de NBB voor arbiters:<\/strong><\/p>\n<h3><span style=\"color: #ff0000;\">BS2<\/span><\/h3>\n<p><a href=\"https:\/\/www.basketball.nl\/documents\/783\/BS2_Deelnemershandleiding_2020-06_cihJzbX.pdf\">BS2 Deelnemershandleiding<\/a><\/p>\n<p><a href=\"https:\/\/www.basketball.nl\/documents\/784\/BS2_Opleidingsplan_2020-06.1_aXt1QqV.pdf\">BS2 Opleidingsplan<\/a><\/p>\n<p><a href=\"https:\/\/drive.google.com\/file\/d\/1OFRbtfMtEYng1Yc1SWHqytRc2dU_UYdp\/view?usp=sharing\" target=\"_blank\" rel=\"noopener\">BS2 Presentatie arbitrage<\/a><\/p>\n<p><a href=\"https:\/\/drive.google.com\/file\/d\/1APO2HkPJc_hQh1j2IrLw5eNWw6hw0Bkh\/view?usp=sharing\" target=\"_blank\" rel=\"noopener\">BS2 Presentatie spelregelkennis<\/a><\/p>\n<p><a href=\"https:\/\/drive.google.com\/file\/d\/1QkRvKs4f034Q3v9EDg2N8tKYwl4l3_os\/view?usp=sharing\" target=\"_blank\" rel=\"noopener\">BS2 Presentatie spelregelkennis &#8211; Engelse versie<\/a><\/p>\n<p><a href=\"https:\/\/www.basketball.nl\/documents\/785\/BS2_Deelnemerslijstblanco_.xlsx\">BS2 Deelnemerslijst<\/a><\/p>\n<p><a href=\"https:\/\/www.basketball.nl\/documents\/786\/BS2_In_10_stappen_organiseren__2020-06_YX4lRf6.pdf\">BS2 Organiseren in 10 stappen<\/a><\/p>\n<p><a href=\"https:\/\/www.basketball.nl\/documents\/787\/BS2_Praktijkopdrachten__PvB_formulier_2020-06_WenhXEo.docx\">BS2 Praktijkopdrachten &amp; PVB formulier<\/a><\/p>\n<p><a href=\"https:\/\/www.basketball.nl\/documents\/833\/Download_01_Basisboek_voor_basketbalscheidsrechters_versie_2020-04_wZP5iHs_46W6FQz.pdf\">Basisboek voor Basketbalscheidsrechters<\/a><\/p>\n<p><a href=\"https:\/\/www.basketball.nl\/documents\/834\/Basiskennis_spelregelboekje_2020-05.pdf\">Basiskennis spelregelboekje<\/a><\/p>\n<p><a href=\"https:\/\/www.basketball.nl\/documents\/832\/Download_02_BS2_10_tips_voor_de_verenigingsscheidsrechter_tIBlqtj_677nAXU.pdf\">10 tips voor de beginnende scheidsrechter<\/a><\/p>\n<p><a href=\"https:\/\/www.basketball.nl\/competities\/spelregels\/spelregelbewijs\/\">Spelregelbewijs<\/a><\/p>\n<h3><span style=\"color: #ff0000;\">BS3<\/span><\/h3>\n<p><a href=\"https:\/\/www.basketball.nl\/documents\/788\/BS3_Deelnemershandleiding_versie_2020-04_az5twNm.pdf\">BS3 Deelnemershandleiding<\/a><\/p>\n<p><a href=\"https:\/\/www.basketball.nl\/documents\/837\/BS3_Opleidingsplan_versie_2020-05.2.pdf\">BS3 Opleidingsplan<\/a><\/p>\n<p><a href=\"https:\/\/www.basketball.nl\/documents\/790\/BS3_Praktijk_toetsformulier_PVB_versie_2020_7__zmm0aiY.docx\">BS3 Praktijk toets formulier (PVB)<\/a><\/p>\n<p><a href=\"https:\/\/www.basketball.nl\/documents\/791\/BS3_Praktijkopdrachten_versie_2020-05_HvZFj2t.docx\">BS3 Praktijkopdrachten<\/a><\/p>\n<h3><span style=\"color: #ff0000;\">BS4<\/span><\/h3>\n<p><a href=\"https:\/\/www.basketball.nl\/documents\/792\/BS4_Deelnemershandleiding_versie_2018.10_Nw_huisstijl.docx\">BS4 Deelnemershandleiding<\/a><\/p>\n<p><a href=\"https:\/\/www.basketball.nl\/documents\/793\/BS4_Video_opdracht_-_versie_2018.10_Nw_huisstijl.docx\">BS4 Video opdracht<\/a><\/p>\n<p><a href=\"https:\/\/www.basketball.nl\/documents\/794\/BS4_Voorbereidings-_en_praktijkopdrachten__-_versie_2018.10_Nw_huisstijl.docx\">BS4 Voorbereidings- en praktijkopdrachten<\/a><\/p>\n<h3><span style=\"color: #ff0000;\">RBS3<\/span><\/h3>\n<p><a href=\"https:\/\/www.basketball.nl\/documents\/835\/RBS3_deelnemershandleiding_2020-3.2.pdf\">RBS3 Deelnemershandleiding<\/a><\/p>\n<p>\u00a9<a href=\"https:\/\/www.basketball.nl\/documents\/836\/RBS3_opleidingsplan_2020-3.2.pdf\">RBS3 Opleidingsplan<\/a><\/p>\n<p><a href=\"https:\/\/www.basketball.nl\/documents\/797\/RBS3_praktijkopdrachten_2020-3_bw0S5BV.docx\">RBS3 Praktijkopdrachten<\/a><\/p>\n<h6 style=\"text-align: center;\"><span style=\"color: #000000;\"><strong>\u00a9 NBB 2023<\/strong><\/span><\/h6>\n<\/div>\n<\/div>\n<\/div>\n<\/div>\n<\/div>\n<\/div>\n<\/div>\n<\/div>\n<\/div>\n<\/div>\n","protected":false},"excerpt":{"rendered":"<p>AANBOD VOOR \u00a0SCHEIDSRECHTERS De NBB maakt voor arbiters onderscheid tussen opleidingen, cursussen en clinics. We kunnen van een opleiding spreken indien het programma gebaseerd is op \u201ckwalificatie structuur sport\u201d (KSS) en ook op deze manier wordt ge\u00ebxamineerd. Bij een cursus bepaalt de NBB zelf de inhoud en of het nuttig is om deze cursus te examineren. Deze wordt afgesloten met een certificaat. Een clinic is een opleiding van korte duur  [&#8230;]<\/p>\n","protected":false},"author":6,"featured_media":0,"parent":0,"menu_order":0,"comment_status":"closed","ping_status":"closed","template":"","meta":{"_acf_changed":false,"footnotes":""},"class_list":["post-18254","page","type-page","status-publish","hentry"],"acf":[],"yoast_head":"<!-- This site is optimized with the Yoast SEO plugin v27.4 - https:\/\/yoast.com\/product\/yoast-seo-wordpress\/ -->\n<title>Scheidsrechters Opleidingen - WBB Giants<\/title>\n<meta name=\"robots\" content=\"index, follow, max-snippet:-1, max-image-preview:large, max-video-preview:-1\" \/>\n<link rel=\"canonical\" href=\"https:\/\/wbbgiants.nl\/wbb\/scheidsrechters-opleidingen\/\" \/>\n<meta property=\"og:locale\" content=\"nl_NL\" \/>\n<meta property=\"og:type\" content=\"article\" \/>\n<meta property=\"og:title\" content=\"Scheidsrechters Opleidingen - WBB Giants\" \/>\n<meta property=\"og:description\" content=\"AANBOD VOOR \u00a0SCHEIDSRECHTERS De NBB maakt voor arbiters onderscheid tussen opleidingen, cursussen en clinics. We kunnen van een opleiding spreken indien het programma gebaseerd is op \u201ckwalificatie structuur sport\u201d (KSS) en ook op deze manier wordt ge\u00ebxamineerd. Bij een cursus bepaalt de NBB zelf de inhoud en of het nuttig is om deze cursus te examineren. Deze wordt afgesloten met een certificaat. Een clinic is een opleiding van korte duur [...]\" \/>\n<meta property=\"og:url\" content=\"https:\/\/wbbgiants.nl\/wbb\/scheidsrechters-opleidingen\/\" \/>\n<meta property=\"og:site_name\" content=\"WBB Giants\" \/>\n<meta property=\"article:modified_time\" content=\"2023-01-05T12:18:55+00:00\" \/>\n<meta property=\"og:image\" content=\"https:\/\/wbbgiants.nl\/wbb\/wp-content\/uploads\/2021\/12\/images.jpeg\" \/>\n<meta name=\"twitter:card\" content=\"summary_large_image\" \/>\n<meta name=\"twitter:label1\" content=\"Geschatte leestijd\" \/>\n\t<meta name=\"twitter:data1\" content=\"7 minuten\" \/>\n<script type=\"application\/ld+json\" class=\"yoast-schema-graph\">{\"@context\":\"https:\\\/\\\/schema.org\",\"@graph\":[{\"@type\":\"WebPage\",\"@id\":\"https:\\\/\\\/wbbgiants.nl\\\/wbb\\\/scheidsrechters-opleidingen\\\/\",\"url\":\"https:\\\/\\\/wbbgiants.nl\\\/wbb\\\/scheidsrechters-opleidingen\\\/\",\"name\":\"Scheidsrechters Opleidingen - WBB Giants\",\"isPartOf\":{\"@id\":\"https:\\\/\\\/wbbgiants.nl\\\/wbb\\\/#website\"},\"primaryImageOfPage\":{\"@id\":\"https:\\\/\\\/wbbgiants.nl\\\/wbb\\\/scheidsrechters-opleidingen\\\/#primaryimage\"},\"image\":{\"@id\":\"https:\\\/\\\/wbbgiants.nl\\\/wbb\\\/scheidsrechters-opleidingen\\\/#primaryimage\"},\"thumbnailUrl\":\"https:\\\/\\\/wbbgiants.nl\\\/wbb\\\/wp-content\\\/uploads\\\/2021\\\/12\\\/images.jpeg\",\"datePublished\":\"2022-07-14T14:44:11+00:00\",\"dateModified\":\"2023-01-05T12:18:55+00:00\",\"breadcrumb\":{\"@id\":\"https:\\\/\\\/wbbgiants.nl\\\/wbb\\\/scheidsrechters-opleidingen\\\/#breadcrumb\"},\"inLanguage\":\"nl-NL\",\"potentialAction\":[{\"@type\":\"ReadAction\",\"target\":[\"https:\\\/\\\/wbbgiants.nl\\\/wbb\\\/scheidsrechters-opleidingen\\\/\"]}]},{\"@type\":\"ImageObject\",\"inLanguage\":\"nl-NL\",\"@id\":\"https:\\\/\\\/wbbgiants.nl\\\/wbb\\\/scheidsrechters-opleidingen\\\/#primaryimage\",\"url\":\"https:\\\/\\\/wbbgiants.nl\\\/wbb\\\/wp-content\\\/uploads\\\/2021\\\/12\\\/images.jpeg\",\"contentUrl\":\"https:\\\/\\\/wbbgiants.nl\\\/wbb\\\/wp-content\\\/uploads\\\/2021\\\/12\\\/images.jpeg\",\"width\":190,\"height\":266},{\"@type\":\"BreadcrumbList\",\"@id\":\"https:\\\/\\\/wbbgiants.nl\\\/wbb\\\/scheidsrechters-opleidingen\\\/#breadcrumb\",\"itemListElement\":[{\"@type\":\"ListItem\",\"position\":1,\"name\":\"Home\",\"item\":\"https:\\\/\\\/wbbgiants.nl\\\/wbb\\\/\"},{\"@type\":\"ListItem\",\"position\":2,\"name\":\"Scheidsrechters Opleidingen\"}]},{\"@type\":\"WebSite\",\"@id\":\"https:\\\/\\\/wbbgiants.nl\\\/wbb\\\/#website\",\"url\":\"https:\\\/\\\/wbbgiants.nl\\\/wbb\\\/\",\"name\":\"WBB Giants\",\"description\":\"West-Brabant Basketball GIANTS\",\"potentialAction\":[{\"@type\":\"SearchAction\",\"target\":{\"@type\":\"EntryPoint\",\"urlTemplate\":\"https:\\\/\\\/wbbgiants.nl\\\/wbb\\\/?s={search_term_string}\"},\"query-input\":{\"@type\":\"PropertyValueSpecification\",\"valueRequired\":true,\"valueName\":\"search_term_string\"}}],\"inLanguage\":\"nl-NL\"}]}<\/script>\n<!-- \/ Yoast SEO plugin. -->","yoast_head_json":{"title":"Scheidsrechters Opleidingen - WBB Giants","robots":{"index":"index","follow":"follow","max-snippet":"max-snippet:-1","max-image-preview":"max-image-preview:large","max-video-preview":"max-video-preview:-1"},"canonical":"https:\/\/wbbgiants.nl\/wbb\/scheidsrechters-opleidingen\/","og_locale":"nl_NL","og_type":"article","og_title":"Scheidsrechters Opleidingen - WBB Giants","og_description":"AANBOD VOOR \u00a0SCHEIDSRECHTERS De NBB maakt voor arbiters onderscheid tussen opleidingen, cursussen en clinics. We kunnen van een opleiding spreken indien het programma gebaseerd is op \u201ckwalificatie structuur sport\u201d (KSS) en ook op deze manier wordt ge\u00ebxamineerd. Bij een cursus bepaalt de NBB zelf de inhoud en of het nuttig is om deze cursus te examineren. Deze wordt afgesloten met een certificaat. Een clinic is een opleiding van korte duur [...]","og_url":"https:\/\/wbbgiants.nl\/wbb\/scheidsrechters-opleidingen\/","og_site_name":"WBB Giants","article_modified_time":"2023-01-05T12:18:55+00:00","og_image":[{"url":"https:\/\/wbbgiants.nl\/wbb\/wp-content\/uploads\/2021\/12\/images.jpeg","type":"","width":"","height":""}],"twitter_card":"summary_large_image","twitter_misc":{"Geschatte leestijd":"7 minuten"},"schema":{"@context":"https:\/\/schema.org","@graph":[{"@type":"WebPage","@id":"https:\/\/wbbgiants.nl\/wbb\/scheidsrechters-opleidingen\/","url":"https:\/\/wbbgiants.nl\/wbb\/scheidsrechters-opleidingen\/","name":"Scheidsrechters Opleidingen - WBB Giants","isPartOf":{"@id":"https:\/\/wbbgiants.nl\/wbb\/#website"},"primaryImageOfPage":{"@id":"https:\/\/wbbgiants.nl\/wbb\/scheidsrechters-opleidingen\/#primaryimage"},"image":{"@id":"https:\/\/wbbgiants.nl\/wbb\/scheidsrechters-opleidingen\/#primaryimage"},"thumbnailUrl":"https:\/\/wbbgiants.nl\/wbb\/wp-content\/uploads\/2021\/12\/images.jpeg","datePublished":"2022-07-14T14:44:11+00:00","dateModified":"2023-01-05T12:18:55+00:00","breadcrumb":{"@id":"https:\/\/wbbgiants.nl\/wbb\/scheidsrechters-opleidingen\/#breadcrumb"},"inLanguage":"nl-NL","potentialAction":[{"@type":"ReadAction","target":["https:\/\/wbbgiants.nl\/wbb\/scheidsrechters-opleidingen\/"]}]},{"@type":"ImageObject","inLanguage":"nl-NL","@id":"https:\/\/wbbgiants.nl\/wbb\/scheidsrechters-opleidingen\/#primaryimage","url":"https:\/\/wbbgiants.nl\/wbb\/wp-content\/uploads\/2021\/12\/images.jpeg","contentUrl":"https:\/\/wbbgiants.nl\/wbb\/wp-content\/uploads\/2021\/12\/images.jpeg","width":190,"height":266},{"@type":"BreadcrumbList","@id":"https:\/\/wbbgiants.nl\/wbb\/scheidsrechters-opleidingen\/#breadcrumb","itemListElement":[{"@type":"ListItem","position":1,"name":"Home","item":"https:\/\/wbbgiants.nl\/wbb\/"},{"@type":"ListItem","position":2,"name":"Scheidsrechters Opleidingen"}]},{"@type":"WebSite","@id":"https:\/\/wbbgiants.nl\/wbb\/#website","url":"https:\/\/wbbgiants.nl\/wbb\/","name":"WBB Giants","description":"West-Brabant Basketball GIANTS","potentialAction":[{"@type":"SearchAction","target":{"@type":"EntryPoint","urlTemplate":"https:\/\/wbbgiants.nl\/wbb\/?s={search_term_string}"},"query-input":{"@type":"PropertyValueSpecification","valueRequired":true,"valueName":"search_term_string"}}],"inLanguage":"nl-NL"}]}},"_links":{"self":[{"href":"https:\/\/wbbgiants.nl\/wbb\/wp-json\/wp\/v2\/pages\/18254","targetHints":{"allow":["GET"]}}],"collection":[{"href":"https:\/\/wbbgiants.nl\/wbb\/wp-json\/wp\/v2\/pages"}],"about":[{"href":"https:\/\/wbbgiants.nl\/wbb\/wp-json\/wp\/v2\/types\/page"}],"author":[{"embeddable":true,"href":"https:\/\/wbbgiants.nl\/wbb\/wp-json\/wp\/v2\/users\/6"}],"replies":[{"embeddable":true,"href":"https:\/\/wbbgiants.nl\/wbb\/wp-json\/wp\/v2\/comments?post=18254"}],"version-history":[{"count":10,"href":"https:\/\/wbbgiants.nl\/wbb\/wp-json\/wp\/v2\/pages\/18254\/revisions"}],"predecessor-version":[{"id":20240,"href":"https:\/\/wbbgiants.nl\/wbb\/wp-json\/wp\/v2\/pages\/18254\/revisions\/20240"}],"wp:attachment":[{"href":"https:\/\/wbbgiants.nl\/wbb\/wp-json\/wp\/v2\/media?parent=18254"}],"curies":[{"name":"wp","href":"https:\/\/api.w.org\/{rel}","templated":true}]}}